{"id":2823,"date":"2025-03-25T19:04:38","date_gmt":"2025-03-25T18:04:38","guid":{"rendered":"https:\/\/etincelles.org\/?page_id=2823"},"modified":"2025-04-27T23:02:51","modified_gmt":"2025-04-27T21:02:51","slug":"test","status":"publish","type":"page","link":"https:\/\/etincelles.org\/","title":{"rendered":"test"},"content":{"rendered":"\n<div class=\"wp-block-columns is-layout-flex wp-container-core-columns-is-layout-9d6595d7 wp-block-columns-is-layout-flex\">\n<div class=\"wp-block-column is-layout-flow wp-block-column-is-layout-flow\">\n<div class=\"wp-block-columns is-layout-flex wp-container-core-columns-is-layout-9d6595d7 wp-block-columns-is-layout-flex\">\n<div class=\"wp-block-column is-vertically-aligned-center is-layout-flow wp-block-column-is-layout-flow\"><div class=\"wp-block-image\">\n<figure class=\"aligncenter size-full\"><a class=\"\" href=\"https:\/\/etincelles.org\/index.php\/2025\/03\/25\/scenarisation\/\"><img loading=\"lazy\" decoding=\"async\" width=\"341\" height=\"75\" src=\"https:\/\/etincelles.org\/wp-content\/uploads\/2025\/03\/btn_scena.png\" alt=\"\" class=\"wp-image-2893\" srcset=\"https:\/\/etincelles.org\/wp-content\/uploads\/2025\/03\/btn_scena.png 341w, https:\/\/etincelles.org\/wp-content\/uploads\/2025\/03\/btn_scena-300x66.png 300w, https:\/\/etincelles.org\/wp-content\/uploads\/2025\/03\/btn_scena-100x22.png 100w, https:\/\/etincelles.org\/wp-content\/uploads\/2025\/03\/btn_scena-150x33.png 150w, https:\/\/etincelles.org\/wp-content\/uploads\/2025\/03\/btn_scena-200x44.png 200w\" sizes=\"auto, (max-width: 341px) 100vw, 341px\" \/><\/a><\/figure>\n<\/div><\/div>\n\n\n\n<div class=\"wp-block-column is-vertically-aligned-center is-layout-flow wp-block-column-is-layout-flow\"><div class=\"wp-block-image\">\n<figure class=\"aligncenter size-full\"><a href=\"https:\/\/etincelles.org\/index.php\/2025\/03\/25\/game-design\/\"><img loading=\"lazy\" decoding=\"async\" width=\"341\" height=\"75\" src=\"https:\/\/etincelles.org\/wp-content\/uploads\/2025\/03\/btn_gade.png\" alt=\"\" class=\"wp-image-2890\" srcset=\"https:\/\/etincelles.org\/wp-content\/uploads\/2025\/03\/btn_gade.png 341w, https:\/\/etincelles.org\/wp-content\/uploads\/2025\/03\/btn_gade-300x66.png 300w, https:\/\/etincelles.org\/wp-content\/uploads\/2025\/03\/btn_gade-100x22.png 100w, https:\/\/etincelles.org\/wp-content\/uploads\/2025\/03\/btn_gade-150x33.png 150w, https:\/\/etincelles.org\/wp-content\/uploads\/2025\/03\/btn_gade-200x44.png 200w\" sizes=\"auto, (max-width: 341px) 100vw, 341px\" \/><\/a><\/figure>\n<\/div><\/div>\n<\/div>\n<\/div>\n\n\n\n<div class=\"wp-block-column is-vertically-aligned-center is-layout-flow wp-block-column-is-layout-flow\">\n<div class=\"wp-block-columns is-layout-flex wp-container-core-columns-is-layout-9d6595d7 wp-block-columns-is-layout-flex\">\n<div class=\"wp-block-column is-layout-flow wp-block-column-is-layout-flow\"><div class=\"wp-block-image\">\n<figure class=\"aligncenter size-full\"><a href=\"https:\/\/etincelles.org\/index.php\/2025\/03\/25\/pedagogie\/\"><img loading=\"lazy\" decoding=\"async\" width=\"341\" height=\"75\" src=\"https:\/\/etincelles.org\/wp-content\/uploads\/2025\/03\/btn_peda.png\" alt=\"\" class=\"wp-image-2892\" srcset=\"https:\/\/etincelles.org\/wp-content\/uploads\/2025\/03\/btn_peda.png 341w, https:\/\/etincelles.org\/wp-content\/uploads\/2025\/03\/btn_peda-300x66.png 300w, https:\/\/etincelles.org\/wp-content\/uploads\/2025\/03\/btn_peda-100x22.png 100w, https:\/\/etincelles.org\/wp-content\/uploads\/2025\/03\/btn_peda-150x33.png 150w, https:\/\/etincelles.org\/wp-content\/uploads\/2025\/03\/btn_peda-200x44.png 200w\" sizes=\"auto, (max-width: 341px) 100vw, 341px\" \/><\/a><\/figure>\n<\/div><\/div>\n\n\n\n<div class=\"wp-block-column is-vertically-aligned-center is-layout-flow wp-block-column-is-layout-flow\"><div class=\"wp-block-image\">\n<figure class=\"aligncenter size-full\"><a href=\"https:\/\/etincelles.org\/index.php\/2025\/03\/25\/tous-medias\/\"><img loading=\"lazy\" decoding=\"async\" width=\"341\" height=\"75\" src=\"https:\/\/etincelles.org\/wp-content\/uploads\/2025\/03\/btn_crea.png\" alt=\"\" class=\"wp-image-2889\" srcset=\"https:\/\/etincelles.org\/wp-content\/uploads\/2025\/03\/btn_crea.png 341w, https:\/\/etincelles.org\/wp-content\/uploads\/2025\/03\/btn_crea-300x66.png 300w, https:\/\/etincelles.org\/wp-content\/uploads\/2025\/03\/btn_crea-100x22.png 100w, https:\/\/etincelles.org\/wp-content\/uploads\/2025\/03\/btn_crea-150x33.png 150w, https:\/\/etincelles.org\/wp-content\/uploads\/2025\/03\/btn_crea-200x44.png 200w\" sizes=\"auto, (max-width: 341px) 100vw, 341px\" \/><\/a><\/figure>\n<\/div><\/div>\n<\/div>\n<\/div>\n<\/div>\n\n\n\n<h2 class=\"wp-block-heading has-text-align-center\"><em><strong>Loisirs inspirants, joies d\u2019agir, plaisirs d\u2019apprendre : <\/strong><br><strong>cultivons ensemble la r\u00e9silience, <\/strong><\/em><br><em><strong>et les imaginaires capables du meilleur<\/strong>.<\/em><\/h2>\n\n\n\n<p class=\"has-text-align-center\"><\/p>\n\n\n<form role=\"search\" method=\"get\" action=\"https:\/\/etincelles.org\/\" class=\"wp-block-search__button-outside wp-block-search__icon-button aligncenter wp-block-search\"    ><label class=\"wp-block-search__label screen-reader-text\" for=\"wp-block-search__input-1\" > <\/label><div class=\"wp-block-search__inside-wrapper\"  style=\"width: 418px\"><input class=\"wp-block-search__input\" id=\"wp-block-search__input-1\" placeholder=\"Rechercher dans le site...\" value=\"\" type=\"search\" name=\"s\" required \/><button aria-label=\"Rechercher\" class=\"wp-block-search__button has-icon wp-element-button\" type=\"submit\" ><svg class=\"search-icon\" viewBox=\"0 0 24 24\" width=\"24\" height=\"24\">\n\t\t\t\t\t<path d=\"M13 5c-3.3 0-6 2.7-6 6 0 1.4.5 2.7 1.3 3.7l-3.8 3.8 1.1 1.1 3.8-3.8c1 .8 2.3 1.3 3.7 1.3 3.3 0 6-2.7 6-6S16.3 5 13 5zm0 10.5c-2.5 0-4.5-2-4.5-4.5s2-4.5 4.5-4.5 4.5 2 4.5 4.5-2 4.5-4.5 4.5z\"><\/path>\n\t\t\t\t<\/svg><\/button><\/div><\/form>\n\n\n<h2 class=\"wp-block-heading has-text-align-center\">&#8212;&#8212; <strong>\u00c0 la une : <\/strong>&#8212;&#8212;<\/h2>\n\n\n\n<div class=\"wp-block-media-text is-stacked-on-mobile\" style=\"grid-template-columns:27% auto\"><figure class=\"wp-block-media-text__media\"><a href=\"https:\/\/etincelles.org\/index.php\/2025\/04\/27\/faire-du-bien-par-des-jeux\/\" target=\"_blank\" rel=\" noreferrer noopener\"><img loading=\"lazy\" decoding=\"async\" width=\"746\" height=\"628\" src=\"https:\/\/etincelles.org\/wp-content\/uploads\/2025\/04\/gris.jpg\" alt=\"\" class=\"wp-image-3156 size-full\" srcset=\"https:\/\/etincelles.org\/wp-content\/uploads\/2025\/04\/gris.jpg 746w, https:\/\/etincelles.org\/wp-content\/uploads\/2025\/04\/gris-300x253.jpg 300w, https:\/\/etincelles.org\/wp-content\/uploads\/2025\/04\/gris-100x84.jpg 100w, https:\/\/etincelles.org\/wp-content\/uploads\/2025\/04\/gris-150x126.jpg 150w, https:\/\/etincelles.org\/wp-content\/uploads\/2025\/04\/gris-200x168.jpg 200w, https:\/\/etincelles.org\/wp-content\/uploads\/2025\/04\/gris-450x379.jpg 450w, https:\/\/etincelles.org\/wp-content\/uploads\/2025\/04\/gris-600x505.jpg 600w\" sizes=\"auto, (max-width: 746px) 100vw, 746px\" \/><\/a><\/figure><div class=\"wp-block-media-text__content\">\n<h2 class=\"wp-block-heading has-text-align-left\"><a href=\"https:\/\/etincelles.org\/index.php\/2025\/04\/27\/faire-du-bien-par-des-jeux\/\" target=\"_blank\" rel=\"noreferrer noopener\">Faire du bien par des jeux ?<\/a><\/h2>\n<\/div><\/div>\n\n\n\n<hr class=\"wp-block-separator has-alpha-channel-opacity\"\/>\n\n\n\n<div class=\"wp-block-media-text has-media-on-the-right is-stacked-on-mobile\" style=\"grid-template-columns:auto 32%\"><div class=\"wp-block-media-text__content\">\n<h2 class=\"wp-block-heading has-text-align-right\"><a href=\"https:\/\/etincelles.org\/index.php\/2025\/04\/26\/portes-projets\/\" data-type=\"page\" data-id=\"2856\" target=\"_blank\" rel=\"noreferrer noopener\">Initiatives portes-projets<\/a><\/h2>\n<\/div><figure class=\"wp-block-media-text__media\"><a href=\"https:\/\/etincelles.org\/index.php\/2025\/04\/26\/portes-projets\/\" target=\"_blank\" rel=\" noreferrer noopener\"><img loading=\"lazy\" decoding=\"async\" width=\"1024\" height=\"281\" src=\"https:\/\/etincelles.org\/wp-content\/uploads\/2025\/04\/FridayAfternoons-logo-1024x281.png\" alt=\"\" class=\"wp-image-3119 size-full\" srcset=\"https:\/\/etincelles.org\/wp-content\/uploads\/2025\/04\/FridayAfternoons-logo-1024x281.png 1024w, https:\/\/etincelles.org\/wp-content\/uploads\/2025\/04\/FridayAfternoons-logo-300x82.png 300w, https:\/\/etincelles.org\/wp-content\/uploads\/2025\/04\/FridayAfternoons-logo-768x210.png 768w, https:\/\/etincelles.org\/wp-content\/uploads\/2025\/04\/FridayAfternoons-logo-1536x421.png 1536w, https:\/\/etincelles.org\/wp-content\/uploads\/2025\/04\/FridayAfternoons-logo-100x27.png 100w, https:\/\/etincelles.org\/wp-content\/uploads\/2025\/04\/FridayAfternoons-logo-150x41.png 150w, https:\/\/etincelles.org\/wp-content\/uploads\/2025\/04\/FridayAfternoons-logo-200x55.png 200w, https:\/\/etincelles.org\/wp-content\/uploads\/2025\/04\/FridayAfternoons-logo-450x123.png 450w, https:\/\/etincelles.org\/wp-content\/uploads\/2025\/04\/FridayAfternoons-logo-600x164.png 600w, https:\/\/etincelles.org\/wp-content\/uploads\/2025\/04\/FridayAfternoons-logo-900x247.png 900w, https:\/\/etincelles.org\/wp-content\/uploads\/2025\/04\/FridayAfternoons-logo.png 1920w\" sizes=\"auto, (max-width: 1024px) 100vw, 1024px\" \/><\/a><\/figure><\/div>\n\n\n\n<hr class=\"wp-block-separator has-alpha-channel-opacity\"\/>\n\n\n\n<div class=\"wp-block-media-text is-stacked-on-mobile\" style=\"grid-template-columns:27% auto\"><figure class=\"wp-block-media-text__media\"><a href=\"https:\/\/etincelles.org\/index.php\/2025\/03\/24\/creation-de-jeux-videos-quelques-p-o-c\/\" target=\"_blank\" rel=\" noreferrer noopener\"><img loading=\"lazy\" decoding=\"async\" width=\"1024\" height=\"1024\" src=\"https:\/\/etincelles.org\/wp-content\/uploads\/2025\/03\/kidhug-edited-1024x1024.jpg\" alt=\"\" class=\"wp-image-2977 size-full\" srcset=\"https:\/\/etincelles.org\/wp-content\/uploads\/2025\/03\/kidhug-edited-1024x1024.jpg 1024w, https:\/\/etincelles.org\/wp-content\/uploads\/2025\/03\/kidhug-edited-300x300.jpg 300w, https:\/\/etincelles.org\/wp-content\/uploads\/2025\/03\/kidhug-edited-150x150.jpg 150w, https:\/\/etincelles.org\/wp-content\/uploads\/2025\/03\/kidhug-edited-768x768.jpg 768w, https:\/\/etincelles.org\/wp-content\/uploads\/2025\/03\/kidhug-edited-1536x1536.jpg 1536w, https:\/\/etincelles.org\/wp-content\/uploads\/2025\/03\/kidhug-edited-100x100.jpg 100w, https:\/\/etincelles.org\/wp-content\/uploads\/2025\/03\/kidhug-edited-200x200.jpg 200w, https:\/\/etincelles.org\/wp-content\/uploads\/2025\/03\/kidhug-edited-450x450.jpg 450w, https:\/\/etincelles.org\/wp-content\/uploads\/2025\/03\/kidhug-edited-600x600.jpg 600w, https:\/\/etincelles.org\/wp-content\/uploads\/2025\/03\/kidhug-edited-900x900.jpg 900w, https:\/\/etincelles.org\/wp-content\/uploads\/2025\/03\/kidhug-edited.jpg 1664w\" sizes=\"auto, (max-width: 1024px) 100vw, 1024px\" \/><\/a><\/figure><div class=\"wp-block-media-text__content\">\n<h2 class=\"wp-block-heading has-text-align-left\"><a href=\"https:\/\/etincelles.org\/index.php\/2025\/03\/27\/projet-en-cours\/\" target=\"_blank\" rel=\"noreferrer noopener\">D\u00e9veloppement en cours : <\/a><br><a href=\"https:\/\/etincelles.org\/index.php\/2025\/03\/27\/projet-en-cours\/\" target=\"_blank\" rel=\"noreferrer noopener\">une aventure empathique<\/a><\/h2>\n<\/div><\/div>\n\n\n\n<hr class=\"wp-block-separator has-alpha-channel-opacity\"\/>\n\n\n\n<div class=\"wp-block-media-text has-media-on-the-right is-stacked-on-mobile\" style=\"grid-template-columns:auto 32%\"><div class=\"wp-block-media-text__content\">\n<h2 class=\"wp-block-heading has-text-align-right\"><a href=\"https:\/\/etincelles.org\/index.php\/2025\/03\/24\/creation-de-jeux-videos-quelques-p-o-c\/\" target=\"_blank\" rel=\"noreferrer noopener\">Cr\u00e9ation de jeux vid\u00e9os : <br>Quelques P.O.C.<\/a><\/h2>\n<\/div><figure class=\"wp-block-media-text__media\"><a href=\"https:\/\/etincelles.org\/index.php\/2025\/03\/24\/creation-de-jeux-videos-quelques-p-o-c\/\" target=\"_blank\" rel=\" noreferrer noopener\"><img loading=\"lazy\" decoding=\"async\" width=\"897\" height=\"504\" src=\"https:\/\/etincelles.org\/wp-content\/uploads\/2025\/03\/pocJV.jpg\" alt=\"\" class=\"wp-image-2925 size-full\" srcset=\"https:\/\/etincelles.org\/wp-content\/uploads\/2025\/03\/pocJV.jpg 897w, https:\/\/etincelles.org\/wp-content\/uploads\/2025\/03\/pocJV-300x169.jpg 300w, https:\/\/etincelles.org\/wp-content\/uploads\/2025\/03\/pocJV-768x432.jpg 768w, https:\/\/etincelles.org\/wp-content\/uploads\/2025\/03\/pocJV-100x56.jpg 100w, https:\/\/etincelles.org\/wp-content\/uploads\/2025\/03\/pocJV-150x84.jpg 150w, https:\/\/etincelles.org\/wp-content\/uploads\/2025\/03\/pocJV-200x112.jpg 200w, https:\/\/etincelles.org\/wp-content\/uploads\/2025\/03\/pocJV-450x253.jpg 450w, https:\/\/etincelles.org\/wp-content\/uploads\/2025\/03\/pocJV-600x337.jpg 600w\" sizes=\"auto, (max-width: 897px) 100vw, 897px\" \/><\/a><\/figure><\/div>\n\n\n\n<p><\/p>\n","protected":false},"excerpt":{"rendered":"<p>Loisirs inspirants, joies d\u2019agir, plaisirs d\u2019apprendre : cultivons ensemble la r\u00e9silience, et les imaginaires capables du meilleur. &#8212;&#8212; \u00c0 la une : &#8212;&#8212; Faire du bien par des jeux ? Initiatives portes-projets D\u00e9veloppement en cours : une aventure empathique Cr\u00e9ation &hellip;<\/p>\n<p class=\"read-more\"> <a class=\"more-link\" href=\"https:\/\/etincelles.org\/\"> <span class=\"screen-reader-text\">test<\/span> Read More &raquo;<\/a><\/p>\n","protected":false},"author":1,"featured_media":0,"parent":0,"menu_order":0,"comment_status":"closed","ping_status":"closed","template":"","meta":{"footnotes":""},"class_list":["post-2823","page","type-page","status-publish","hentry"],"_links":{"self":[{"href":"https:\/\/etincelles.org\/index.php\/wp-json\/wp\/v2\/pages\/2823","targetHints":{"allow":["GET"]}}],"collection":[{"href":"https:\/\/etincelles.org\/index.php\/wp-json\/wp\/v2\/pages"}],"about":[{"href":"https:\/\/etincelles.org\/index.php\/wp-json\/wp\/v2\/types\/page"}],"author":[{"embeddable":true,"href":"https:\/\/etincelles.org\/index.php\/wp-json\/wp\/v2\/users\/1"}],"replies":[{"embeddable":true,"href":"https:\/\/etincelles.org\/index.php\/wp-json\/wp\/v2\/comments?post=2823"}],"version-history":[{"count":60,"href":"https:\/\/etincelles.org\/index.php\/wp-json\/wp\/v2\/pages\/2823\/revisions"}],"predecessor-version":[{"id":3157,"href":"https:\/\/etincelles.org\/index.php\/wp-json\/wp\/v2\/pages\/2823\/revisions\/3157"}],"wp:attachment":[{"href":"https:\/\/etincelles.org\/index.php\/wp-json\/wp\/v2\/media?parent=2823"}],"curies":[{"name":"wp","href":"https:\/\/api.w.org\/{rel}","templated":true}]}}